{"id":448,"date":"2022-01-07T15:08:59","date_gmt":"2022-01-07T14:08:59","guid":{"rendered":"https:\/\/www.parc.najeti.fr\/faq\/"},"modified":"2025-12-30T11:51:10","modified_gmt":"2025-12-30T10:51:10","slug":"faq","status":"publish","type":"page","link":"https:\/\/www.parc.najeti.fr\/en\/faq\/","title":{"rendered":"FAQ"},"content":{"rendered":"<div data-elementor-type=\"wp-page\" data-elementor-id=\"448\" class=\"elementor elementor-448\" data-elementor-post-type=\"page\">\n\t\t\t\t<div class=\"elementor-element elementor-element-de35e08 e-con-full e-flex e-con e-parent\" data-id=\"de35e08\" data-element_type=\"container\" data-settings=\"{&quot;background_background&quot;:&quot;classic&quot;,&quot;_ob_use_container_extras&quot;:&quot;no&quot;,&quot;_ob_column_hoveranimator&quot;:&quot;no&quot;,&quot;_ob_glider_is_slider&quot;:&quot;no&quot;,&quot;_ob_column_has_pseudo&quot;:&quot;no&quot;}\">\n\t\t<div class=\"elementor-element elementor-element-f081a2a e-flex e-con-boxed e-con e-child\" data-id=\"f081a2a\" data-element_type=\"container\" data-settings=\"{&quot;_ob_use_container_extras&quot;:&quot;no&quot;,&quot;_ob_column_hoveranimator&quot;:&quot;no&quot;,&quot;_ob_glider_is_slider&quot;:&quot;no&quot;,&quot;_ob_column_has_pseudo&quot;:&quot;no&quot;}\">\n\t\t\t\t\t<div class=\"e-con-inner\">\n\t\t\t\t\t<\/div>\n\t\t\t\t<\/div>\n\t\t\t\t<div class=\"elementor-element elementor-element-12e9f07 ob-has-background-overlay elementor-widget elementor-widget-image\" data-id=\"12e9f07\" data-element_type=\"widget\" data-settings=\"{&quot;_ob_photomorph_use&quot;:&quot;no&quot;,&quot;_ob_widget_stalker_use&quot;:&quot;no&quot;,&quot;_ob_poopart_use&quot;:&quot;yes&quot;,&quot;_ob_shadough_use&quot;:&quot;no&quot;,&quot;_ob_allow_hoveranimator&quot;:&quot;no&quot;}\" data-widget_type=\"image.default\">\n\t\t\t\t<div class=\"elementor-widget-container\">\n\t\t\t\t\t\t\t\t\t\t\t\t\t\t\t<img decoding=\"async\" width=\"255\" height=\"59\" src=\"https:\/\/www.parc.najeti.fr\/wp-content\/uploads\/2022\/01\/Logo_Hotel-Du-Parc.svg\" class=\"attachment-full size-full wp-image-508\" alt=\"\" title=\"Photo -\">\t\t\t\t\t\t\t\t\t\t\t\t\t\t\t<\/div>\n\t\t\t\t<\/div>\n\t\t<div class=\"elementor-element elementor-element-835340c e-flex e-con-boxed e-con e-child\" data-id=\"835340c\" data-element_type=\"container\" data-settings=\"{&quot;_ob_use_container_extras&quot;:&quot;no&quot;,&quot;_ob_column_hoveranimator&quot;:&quot;no&quot;,&quot;_ob_glider_is_slider&quot;:&quot;no&quot;,&quot;_ob_column_has_pseudo&quot;:&quot;no&quot;}\">\n\t\t\t\t\t<div class=\"e-con-inner\">\n\t\t\t\t<div class=\"elementor-element elementor-element-21a4bff elementor-align-center ob-has-background-overlay elementor-widget elementor-widget-button\" data-id=\"21a4bff\" data-element_type=\"widget\" data-settings=\"{&quot;_ob_butterbutton_use_it&quot;:&quot;no&quot;,&quot;_ob_widget_stalker_use&quot;:&quot;no&quot;,&quot;_ob_poopart_use&quot;:&quot;yes&quot;,&quot;_ob_shadough_use&quot;:&quot;no&quot;,&quot;_ob_allow_hoveranimator&quot;:&quot;no&quot;}\" data-widget_type=\"button.default\">\n\t\t\t\t<div class=\"elementor-widget-container\">\n\t\t\t\t\t\t\t\t\t<div class=\"elementor-button-wrapper\">\n\t\t\t\t\t<a class=\"elementor-button elementor-button-link elementor-size-lg\" href=\"#ecran2\">\n\t\t\t\t\t\t<span class=\"elementor-button-content-wrapper\">\n\t\t\t\t\t\t<span class=\"elementor-button-icon\">\n\t\t\t\t<svg xmlns=\"http:\/\/www.w3.org\/2000\/svg\" width=\"39.167\" height=\"22.394\" viewbox=\"0 0 39.167 22.394\"><path id=\"Icon_ionic-ios-arrow-down\" data-name=\"Icon ionic-ios-arrow-down\" d=\"M25.778,26.89l14.81-14.821a2.787,2.787,0,0,1,3.953,0,2.822,2.822,0,0,1,0,3.965L27.76,32.825a2.794,2.794,0,0,1-3.86.082L7,16.045a2.8,2.8,0,0,1,3.953-3.965Z\" transform=\"translate(-6.188 -11.247)\" fill=\"#fff\"><\/path><\/svg>\t\t\t<\/span>\n\t\t\t\t\t\t\t\t<\/span>\n\t\t\t\t\t<\/a>\n\t\t\t\t<\/div>\n\t\t\t\t\t\t\t\t<\/div>\n\t\t\t\t<\/div>\n\t\t\t\t\t<\/div>\n\t\t\t\t<\/div>\n\t\t\t\t<\/div>\n\t\t\t\t<section class=\"elementor-section elementor-top-section elementor-element elementor-element-25ab9c04 elementor-section-boxed elementor-section-height-default elementor-section-height-default\" data-id=\"25ab9c04\" data-element_type=\"section\" id=\"ecran2\" data-settings=\"{&quot;background_background&quot;:&quot;classic&quot;,&quot;_ob_glider_is_slider&quot;:&quot;no&quot;}\">\n\t\t\t\t\t\t<div class=\"elementor-container elementor-column-gap-default\">\n\t\t\t\t\t<div class=\"elementor-column elementor-col-100 elementor-top-column elementor-element elementor-element-4a703449\" data-id=\"4a703449\" data-element_type=\"column\" data-settings=\"{&quot;_ob_column_hoveranimator&quot;:&quot;no&quot;,&quot;_ob_column_has_pseudo&quot;:&quot;no&quot;}\">\n\t\t\t<div class=\"elementor-widget-wrap elementor-element-populated\">\n\t\t\t\t\t\t<div class=\"elementor-element elementor-element-4c528b4a ob-harakiri-inherit ob-has-background-overlay elementor-widget elementor-widget-heading\" data-id=\"4c528b4a\" data-element_type=\"widget\" data-settings=\"{&quot;_ob_use_harakiri&quot;:&quot;yes&quot;,&quot;_ob_harakiri_writing_mode&quot;:&quot;inherit&quot;,&quot;_ob_harakiri_text_clip&quot;:&quot;none&quot;,&quot;_ob_widget_stalker_use&quot;:&quot;no&quot;,&quot;_ob_poopart_use&quot;:&quot;yes&quot;,&quot;_ob_shadough_use&quot;:&quot;no&quot;,&quot;_ob_allow_hoveranimator&quot;:&quot;no&quot;}\" data-widget_type=\"heading.default\">\n\t\t\t\t<div class=\"elementor-widget-container\">\n\t\t\t\t\t<h1 class=\"elementor-heading-title elementor-size-default\">\/ FAQ<\/h1>\t\t\t\t<\/div>\n\t\t\t\t<\/div>\n\t\t\t\t<div class=\"elementor-element elementor-element-38d54295 ob-harakiri-inherit ob-has-background-overlay elementor-widget elementor-widget-text-editor\" data-id=\"38d54295\" data-element_type=\"widget\" data-settings=\"{&quot;_ob_use_harakiri&quot;:&quot;yes&quot;,&quot;_ob_harakiri_writing_mode&quot;:&quot;inherit&quot;,&quot;_ob_postman_use&quot;:&quot;no&quot;,&quot;_ob_widget_stalker_use&quot;:&quot;no&quot;,&quot;_ob_poopart_use&quot;:&quot;yes&quot;,&quot;_ob_shadough_use&quot;:&quot;no&quot;,&quot;_ob_allow_hoveranimator&quot;:&quot;no&quot;}\" data-widget_type=\"text-editor.default\">\n\t\t\t\t<div class=\"elementor-widget-container\">\n\t\t\t\t\t\t\t\t\t<p>Do you have a question about the hotel, your reservation or your future stay?<br \/>Perhaps your answer is here! If not, don't hesitate to contact us by phone or e-mail.<\/p>\t\t\t\t\t\t\t\t<\/div>\n\t\t\t\t<\/div>\n\t\t\t\t<div class=\"elementor-element elementor-element-71424663 ob-harakiri-inherit ob-has-background-overlay elementor-widget elementor-widget-heading\" data-id=\"71424663\" data-element_type=\"widget\" data-settings=\"{&quot;_ob_use_harakiri&quot;:&quot;yes&quot;,&quot;_ob_harakiri_writing_mode&quot;:&quot;inherit&quot;,&quot;_ob_harakiri_text_clip&quot;:&quot;none&quot;,&quot;_ob_widget_stalker_use&quot;:&quot;no&quot;,&quot;_ob_poopart_use&quot;:&quot;yes&quot;,&quot;_ob_shadough_use&quot;:&quot;no&quot;,&quot;_ob_allow_hoveranimator&quot;:&quot;no&quot;}\" data-widget_type=\"heading.default\">\n\t\t\t\t<div class=\"elementor-widget-container\">\n\t\t\t\t\t<h2 class=\"elementor-heading-title elementor-size-default\">The hotel<\/h2>\t\t\t\t<\/div>\n\t\t\t\t<\/div>\n\t\t\t\t<div class=\"elementor-element elementor-element-33848d91 ob-harakiri-inherit ob-has-background-overlay elementor-widget elementor-widget-text-editor\" data-id=\"33848d91\" data-element_type=\"widget\" data-settings=\"{&quot;_ob_use_harakiri&quot;:&quot;yes&quot;,&quot;_ob_harakiri_writing_mode&quot;:&quot;inherit&quot;,&quot;_ob_postman_use&quot;:&quot;no&quot;,&quot;_ob_widget_stalker_use&quot;:&quot;no&quot;,&quot;_ob_poopart_use&quot;:&quot;yes&quot;,&quot;_ob_shadough_use&quot;:&quot;no&quot;,&quot;_ob_allow_hoveranimator&quot;:&quot;no&quot;}\" data-widget_type=\"text-editor.default\">\n\t\t\t\t<div class=\"elementor-widget-container\">\n\t\t\t\t\t\t\t\t\t<p><strong>Do you have a car park?<\/strong><br \/>Yes, we have free parking for residents.<\/p><p>\u00a0<\/p><p><strong>What is the difference between a Charming room and a Luxury room?<\/strong><br \/>Our Luxury rooms are larger than our Charmes rooms and offer more amenities.<\/p><p>\u00a0<\/p><p><strong>Do you have family or connecting rooms?<\/strong><br \/>Yes, we can offer rooms for the whole family.<\/p><p>\u00a0<\/p><p><strong>Do you have smoking rooms?<\/strong><br \/>No, but smokers can indulge their cravings in the hotel grounds or on the balcony of some rooms.<\/p><p><strong>Do all rooms have a safe?<\/strong><br \/>Yes, regardless of the category, you can store your valuables in your room.<\/p><p>\u00a0<\/p><p><strong>Can I request an extra bed in my room? How much will it cost me?<\/strong><br \/>Yes, subject to availability, you can request an extra bed in your room at the time of booking. The price is \u20ac30 per night.<\/p><p>\u00a0<\/p><p><strong>I have a baby, does the hotel have adequate facilities?<\/strong><br \/>Yes, we can provide a cot and bottle warmer on request and subject to availability.<\/p><p>\u00a0<\/p><p><strong>Is the hotel suitable for people with reduced mobility?<\/strong><br \/>Yes, we have a room for people with reduced mobility, as well as a lift.<\/p><p>\u00a0<\/p><p><strong>Do you have a lift?<\/strong><br \/>Yes, the hotel has a lift.<\/p><p>\u00a0<\/p><p><strong>Can I eat at the hotel?<\/strong><br \/>Yes, the hotel has a restaurant: the Najeti Restaurant l'Orangerie, open for lunch and dinner.<\/p>\t\t\t\t\t\t\t\t<\/div>\n\t\t\t\t<\/div>\n\t\t\t\t<div class=\"elementor-element elementor-element-649fb4d7 ob-harakiri-inherit ob-has-background-overlay elementor-widget elementor-widget-heading\" data-id=\"649fb4d7\" data-element_type=\"widget\" data-settings=\"{&quot;_ob_use_harakiri&quot;:&quot;yes&quot;,&quot;_ob_harakiri_writing_mode&quot;:&quot;inherit&quot;,&quot;_ob_harakiri_text_clip&quot;:&quot;none&quot;,&quot;_ob_widget_stalker_use&quot;:&quot;no&quot;,&quot;_ob_poopart_use&quot;:&quot;yes&quot;,&quot;_ob_shadough_use&quot;:&quot;no&quot;,&quot;_ob_allow_hoveranimator&quot;:&quot;no&quot;}\" data-widget_type=\"heading.default\">\n\t\t\t\t<div class=\"elementor-widget-container\">\n\t\t\t\t\t<h2 class=\"elementor-heading-title elementor-size-default\">The stay<\/h2>\t\t\t\t<\/div>\n\t\t\t\t<\/div>\n\t\t\t\t<div class=\"elementor-element elementor-element-374a34b0 ob-harakiri-inherit ob-has-background-overlay elementor-widget elementor-widget-text-editor\" data-id=\"374a34b0\" data-element_type=\"widget\" data-settings=\"{&quot;_ob_use_harakiri&quot;:&quot;yes&quot;,&quot;_ob_harakiri_writing_mode&quot;:&quot;inherit&quot;,&quot;_ob_postman_use&quot;:&quot;no&quot;,&quot;_ob_widget_stalker_use&quot;:&quot;no&quot;,&quot;_ob_poopart_use&quot;:&quot;yes&quot;,&quot;_ob_shadough_use&quot;:&quot;no&quot;,&quot;_ob_allow_hoveranimator&quot;:&quot;no&quot;}\" data-widget_type=\"text-editor.default\">\n\t\t\t\t<div class=\"elementor-widget-container\">\n\t\t\t\t\t\t\t\t\t<p><strong>What are the departure and arrival times?<\/strong><br \/>Arrival is from 4pm and departure until 11am.<\/p><p>\u00a0<\/p><p><strong>Do you have a luggage store?<\/strong><br \/>No, but it is possible to leave your luggage at the reception if you arrive early and the hotel knows about it.<\/p><p>\u00a0<\/p><p><strong>Do you accept pets? What is the rate?<\/strong><br \/>Oui, nous aimons les animaux et les acceptons tenus en laisse dans l&rsquo;h\u00f4tel (sauf au restaurant ,bar &amp; salle du petit d\u00e9jeuner). Les tarifs pour les animaux sont les suivants : de <span class=\"a_GcMg font-feature-liga-off font-feature-clig-off font-feature-calt-off text-decoration-none text-strikethrough-none\">Petit 20\u20ac &#8211; Medium 25\u20ac &#8211; Grand 30\u20ac <\/span>par nuit et par animal.<\/p><p>\u00a0<\/p><p><strong>Do you have an internet connection at the hotel? Is it free?<\/strong><br \/>Yes, the hotel offers free Wi-Fi.<\/p><p>\u00a0<\/p><p><strong>What should I do if I forget something in my room?<\/strong><br \/>You can contact our team who will send you the forgotten item in exchange for a delivery fee.<\/p>\t\t\t\t\t\t\t\t<\/div>\n\t\t\t\t<\/div>\n\t\t\t\t<div class=\"elementor-element elementor-element-b4a8c6e ob-harakiri-inherit ob-has-background-overlay elementor-widget elementor-widget-heading\" data-id=\"b4a8c6e\" data-element_type=\"widget\" data-settings=\"{&quot;_ob_use_harakiri&quot;:&quot;yes&quot;,&quot;_ob_harakiri_writing_mode&quot;:&quot;inherit&quot;,&quot;_ob_harakiri_text_clip&quot;:&quot;none&quot;,&quot;_ob_widget_stalker_use&quot;:&quot;no&quot;,&quot;_ob_poopart_use&quot;:&quot;yes&quot;,&quot;_ob_shadough_use&quot;:&quot;no&quot;,&quot;_ob_allow_hoveranimator&quot;:&quot;no&quot;}\" data-widget_type=\"heading.default\">\n\t\t\t\t<div class=\"elementor-widget-container\">\n\t\t\t\t\t<h2 class=\"elementor-heading-title elementor-size-default\">The prices<\/h2>\t\t\t\t<\/div>\n\t\t\t\t<\/div>\n\t\t\t\t<div class=\"elementor-element elementor-element-7b6d300b ob-harakiri-inherit ob-has-background-overlay elementor-widget elementor-widget-text-editor\" data-id=\"7b6d300b\" data-element_type=\"widget\" data-settings=\"{&quot;_ob_use_harakiri&quot;:&quot;yes&quot;,&quot;_ob_harakiri_writing_mode&quot;:&quot;inherit&quot;,&quot;_ob_postman_use&quot;:&quot;no&quot;,&quot;_ob_widget_stalker_use&quot;:&quot;no&quot;,&quot;_ob_poopart_use&quot;:&quot;yes&quot;,&quot;_ob_shadough_use&quot;:&quot;no&quot;,&quot;_ob_allow_hoveranimator&quot;:&quot;no&quot;}\" data-widget_type=\"text-editor.default\">\n\t\t\t\t<div class=\"elementor-widget-container\">\n\t\t\t\t\t\t\t\t\t<p><strong>Is breakfast included in the price?<\/strong><br \/>Non, quand vous r\u00e9servez une chambre simple, le petit-d\u00e9jeuner n&rsquo;est pas compris mais peut se r\u00e9server s\u00e9par\u00e9ment de la chambre dans la m\u00eame commande. Cependant, vous pouvez aussi r\u00e9server l&rsquo;une de nos offres sp\u00e9ciales, qui contiennent toutes le petit-d\u00e9jeuner. Le prix du petit-d\u00e9jeuner est au tarif de 17\u20ac par personne et de 10\u20ac par enfant (6 \u00e0 12 ans)<\/p><p>\u00a0<\/p><p><strong>Are tourist taxes included in the price?<\/strong><br \/>Non, la taxe de s\u00e9jour est \u00e0 r\u00e9gler sur place, au tarif de 1,50\u20ac par adulte par nuit.<\/p><p>\u00a0<\/p><p><strong>Are the rates and availability the same if I book on the website or by phone?<\/strong><br \/>Yes, there is no difference in price or availability depending on whether you book by telephone or on our website.<\/p><p>\u00a0<\/p><p><strong>Why do you need my credit card information?<\/strong><br \/>The bank details are only used as a guarantee in case you do not come or cancel late.<\/p><p>\u00a0<\/p><p><strong>When and how will I pay for my stay?<\/strong><br \/>You pay at the end of your stay, with the means of payment you wish: bank card, holiday vouchers only in classic paper format, cash.<\/p><p>\u00a0<\/p><p><strong>I have not received a booking confirmation. How can I do this?<\/strong><br \/>We send a confirmation email with every booking. However, if you have not received this email within 15 minutes of making your booking, please check your junk mail. If the email is not there either, please do not hesitate to contact us.<\/p><p><strong>What are the cancellation conditions?<\/strong><br \/>You can cancel your reservation free of charge up to 48 hours before your stay.<\/p><p>\u00a0<\/p><p><strong>How can I change or cancel my booking?<\/strong><br \/>You can manage your reservation at any time at the bottom of the site, by clicking on the link \"Manage my reservations\" in the \"Useful links\" section. You will be asked for your reservation number.<\/p>\t\t\t\t\t\t\t\t<\/div>\n\t\t\t\t<\/div>\n\t\t\t\t\t<\/div>\n\t\t<\/div>\n\t\t\t\t\t<\/div>\n\t\t<\/section>\n\t\t\t\t<\/div>","protected":false},"excerpt":{"rendered":"<p>\/ FAQ If you have a question about the hotel, your reservation or your future stay, you may find the answer here! If not, don't hesitate to get in touch by phone or email. The hotel Do you have a car park? Yes, we have a free car park for residents.   [...]<\/p>","protected":false},"author":6,"featured_media":0,"parent":0,"menu_order":17,"comment_status":"closed","ping_status":"closed","template":"","meta":{"_acf_changed":false,"inline_featured_image":false,"footnotes":""},"class_list":["post-448","page","type-page","status-publish","hentry"],"acf":[],"_links":{"self":[{"href":"https:\/\/www.parc.najeti.fr\/en\/wp-json\/wp\/v2\/pages\/448","targetHints":{"allow":["GET"]}}],"collection":[{"href":"https:\/\/www.parc.najeti.fr\/en\/wp-json\/wp\/v2\/pages"}],"about":[{"href":"https:\/\/www.parc.najeti.fr\/en\/wp-json\/wp\/v2\/types\/page"}],"author":[{"embeddable":true,"href":"https:\/\/www.parc.najeti.fr\/en\/wp-json\/wp\/v2\/users\/6"}],"replies":[{"embeddable":true,"href":"https:\/\/www.parc.najeti.fr\/en\/wp-json\/wp\/v2\/comments?post=448"}],"version-history":[{"count":52,"href":"https:\/\/www.parc.najeti.fr\/en\/wp-json\/wp\/v2\/pages\/448\/revisions"}],"predecessor-version":[{"id":3742,"href":"https:\/\/www.parc.najeti.fr\/en\/wp-json\/wp\/v2\/pages\/448\/revisions\/3742"}],"wp:attachment":[{"href":"https:\/\/www.parc.najeti.fr\/en\/wp-json\/wp\/v2\/media?parent=448"}],"curies":[{"name":"wp","href":"https:\/\/api.w.org\/{rel}","templated":true}]}}